{"id":2496,"date":"2021-11-02T15:15:12","date_gmt":"2021-11-02T14:15:12","guid":{"rendered":"https:\/\/wkm.es13.de\/?page_id=2496"},"modified":"2021-11-16T02:42:26","modified_gmt":"2021-11-16T01:42:26","slug":"allgemeine-geschaeftsbedingungen","status":"publish","type":"page","link":"https:\/\/www.wkm-germany.com\/en\/allgemeine-geschaeftsbedingungen\/","title":{"rendered":"Terms of service"},"content":{"rendered":"<h1>Terms of service<\/h1>\n<h2><strong>\u00a71 Geltung der Bedingungen<\/strong><\/h2>\n<p>1. F\u00fcr die Lieferungen, Leistungen und Angebote des Verk\u00e4ufers an Unternehmer im Sinne des \u00a7 14 BGB, juristische Person des \u00f6ffentlichen Rechts oder \u00f6ffentlich-rechtliches Sonderverm\u00f6gen gelten ausschlie\u00dflich diese Allgemeinen Gesch\u00e4ftsbedingungen des Verk\u00e4ufers, mit denen sich der Kunde (\u201eK\u00e4ufer\u201c) bei Auftragserteilung einverstanden erkl\u00e4rt, und zwar ebenso f\u00fcr k\u00fcnftige Gesch\u00e4fte, auch wenn nicht ausdr\u00fccklich auf die Allgemeinen Gesch\u00e4ftsbedingungen Bezug genommen wird, sie aber dem K\u00e4ufer bei einem durch den Verk\u00e4ufer best\u00e4tigten Auftrag zugegangen sind. Wird der Auftrag abweichend von den Allgemeinen Gesch\u00e4ftsbedingungen des Verk\u00e4ufers erteilt, so gelten auch dann nur die Allgemeinen Gesch\u00e4ftsbedingungen des Verk\u00e4ufers, selbst wenn der Verk\u00e4ufer nicht widerspricht.<\/p>\n<p>2. Abweichungen von den Allgemeinen Gesch\u00e4ftsbedingungen gelten nur, wenn sie von dem Verk\u00e4ufer ausdr\u00fccklich schriftlich anerkannt worden sind.<\/p>\n<h2><strong>\u00a72 Angebot und Vertragsschlu\u00df<\/strong><\/h2>\n<p>1. Die Angebote des Verk\u00e4ufers sind freibleibend und unverbindlich. S\u00e4mtliche Auftr\u00e4ge des K\u00e4ufers bed\u00fcrfen zur Rechtswirksamkeit der schriftlichen Best\u00e4tigung des Verk\u00e4ufers innerhalb von 30 Tagen nach ihrer Abgabe. Die Best\u00e4tigung durch Fax oder E-Mail ist ausreichend. Das gleiche gilt f\u00fcr Erg\u00e4nzungen, Ab\u00e4nderungen oder Nebenabreden.<\/p>\n<p>2. Zeichnungen, Abbildungen, Ma\u00dfe, Gewichte oder sonstige Leistungsdaten sind nur verbindlich, wenn dies ausdr\u00fccklich schriftlich vereinbart wird. Technische und gestalterische Abweichungen von Beschreibungen und Angaben in Prospekten, Katalogen und schriftlichen Unterlagen im Zuge des technischen Fortschritts bleiben im Rahmen des Zumutbaren vorbehalten, ohne dass hieraus Rechte gegen den Verk\u00e4ufer abgeleitet werden k\u00f6nnen.<\/p>\n<h2><strong>\u00a73 Preise<\/strong><\/h2>\n<p>1. Der Verk\u00e4ufer h\u00e4lt sich an die in seinen Angeboten enthaltenen Preise 14 Tage ab deren Datum gebunden. Ma\u00dfgebend sind die in der Auftragsbest\u00e4tigung des Verk\u00e4ufers genannten Preise zzgl. der jeweiligen gesetzlichen Umsatzsteuer. Zus\u00e4tzliche Lieferungen und Leistungen werden gesondert berechnet.<\/p>\n<p>2. Die Preise verstehen sich Ab Lager Hamburg oder ab Werk einschlie\u00dflich normaler Verpackung.<\/p>\n<h2><strong>\u00a74 Liefer- und Leistungszeit<\/strong><\/h2>\n<p>1. Liefertermine oder -Fristen, die verbindlich oder unverbindlich vereinbart werden, bed\u00fcrfen der Schriftform.<\/p>\n<p>2. Vor\u00fcbergehende vom Verk\u00e4ufer nicht zu vertretende Liefer- und Leistungsverz\u00f6gerungen aufgrund h\u00f6herer Gewalt oder aufgrund von Ereignissen, die ihm die Lieferung wesentlich erschweren &#8211; hierzu geh\u00f6ren insbesondere Streik, Aussperrung, beh\u00f6rdliche Anordnungen usw., auch wenn sie bei Lieferung des Verk\u00e4ufers oder dessen Zulieferer eintreten &#8211; berechtigen den Verk\u00e4ufer, die Lieferung bzw. Leistung um die Dauer der Behinderung zzgl. einer angemessenen Anlaufzeit hinauszuschieben.<\/p>\n<p>3. Der Verk\u00e4ufer ist zu Teil-Lieferungen und Teil-Leistungen in zumutbarem Umfang berechtigt.<\/p>\n<h2><strong>\u00a75 Gefahren\u00fcbergang<\/strong><\/h2>\n<p>Die Gefahr geht auf den K\u00e4ufer \u00fcber, sobald die Sendung an die den Transport ausf\u00fchrende Person \u00fcbergeben worden ist oder zwecks Versendung das Lager des Verk\u00e4ufers verlassen hat. Falls der Versand ohne Verschulden des Verk\u00e4ufers unm\u00f6glich wird, geht die Gefahr mit der Meldung der Versandbereitschaft auf den K\u00e4ufer \u00fcber.<\/p>\n<h2><strong>\u00a76 M\u00e4ngelr\u00fcge, Gew\u00e4hrleistung, Haftung<\/strong><\/h2>\n<p>1. Der Verk\u00e4ufer gew\u00e4hrleistet, dass die Ware frei von Fabrikations- und Materialm\u00e4ngeln ist. Die Gew\u00e4hrleistungsfrist ist auf 1 Jahr beschr\u00e4nkt.<\/p>\n<p>2. Die Gew\u00e4hrleistungsfrist beginnt mit Gefahr\u00fcbergang nach \u00a7 5. Werden Betriebs- oder Wartungsanweisungen des Verk\u00e4ufers nicht befolgt, \u00c4nderungen an der Ware vorgenommen, Teile ausgewechselt, Ger\u00e4te ge\u00f6ffnet oder Verbrauchsmaterialien verwendet, die nicht den Originalspezifikationen entsprechen, so entf\u00e4llt jede Gew\u00e4hrleistung, wenn der K\u00e4ufer eine entsprechende substantiierte Behauptung des Verk\u00e4ufers, dass einer dieser Umst\u00e4nde den Mangel herbeigef\u00fchrt hat, nicht widerlegt.<\/p>\n<p>3. Der K\u00e4ufer muss der Kundendienstleitung des Verk\u00e4ufers offenkundige M\u00e4ngel unverz\u00fcglich, sp\u00e4testens jedoch eine Woche nach Eingang der Wareschriftlich mitteilen. M\u00e4ngel, die auch bei sorgf\u00e4ltiger Pr\u00fcfung innerhalb dieser Frist nicht entdeckt werden k\u00f6nnen, sind dem Verk\u00e4ufer unverz\u00fcglich nach Entdeckung schriftlich mitzuteilen.<\/p>\n<p>4. Im Falle einer Mitteilung des K\u00e4ufers, dass die Ware nicht der Gew\u00e4hrleistung entspricht, verlangt der Verk\u00e4ufer nach seiner Wahl, dass<\/p>\n<p>a) das schadhafte Teil bzw. die Ware zur Reparatur und anschlie\u00dfender R\u00fccksendung an den Verk\u00e4ufer geschickt wird oder<\/p>\n<p>b) der K\u00e4ufer das schadhafte Teil bzw. die Ware bereith\u00e4lt und ein Servicetechniker des Verk\u00e4ufers zum K\u00e4ufer geschickt wird, um die Reparatur vorzunehmen.<\/p>\n<p>5. Schl\u00e4gt die Nachbesserung nach angemessener Frist fehl, kann der K\u00e4ufer nach seiner Wahl Herabsetzung der Verg\u00fctung oder R\u00fcckg\u00e4ngigmachung des Vertrages verlangen.<\/p>\n<p>6. Eine Haftung f\u00fcr normale Abnutzung ist ausgeschlossen.<\/p>\n<p>7. Gew\u00e4hrleistungsanspr\u00fcche gegen den Verk\u00e4ufer stehen nur dem unmittelbaren K\u00e4ufer zu und sind nicht abtretbar.<\/p>\n<p>8. Soweit die Haftung des Verk\u00e4ufers ausgeschlossen oder beschr\u00e4nkt ist, gilt dies auch f\u00fcr seine Mitarbeiter, Vertreter und Erf\u00fcllungsgehilfen<\/p>\n<h2><strong>\u00a77 Eigentumsvorbehalt<\/strong><\/h2>\n<p>1. Bis zur Erf\u00fcllung aller Forderungen, gegen den K\u00e4ufer jetzt oder zuk\u00fcnftig zustehen, werden dem Verk\u00e4ufer die folgenden Sicherheiten gew\u00e4hrt, die er auf Verlangen nach seiner Wahl freigeben wird.<\/p>\n<p>2. Die gelieferte Ware bleibt Eigentum des Verk\u00e4ufers. Ware, an der dem Verk\u00e4ufer (Mit-) Eigentum zusteht, wird im Folgenden als Vorbehaltsware bezeichnet. Solange der K\u00e4ufer sich nicht im Verzug befindet, ist er berechtigt, die Vorbehaltsware im ordnungsgem\u00e4\u00dfen Gesch\u00e4ftsverkehr unter der Bedingung zu verarbeiten und zu ver\u00e4u\u00dfern, dass seine daraus entstehenden Anspr\u00fcche auf den Verk\u00e4ufer \u00fcbergehen. Verpf\u00e4ndungen oder Sicherungs\u00fcbereignungen sind unzul\u00e4ssig. Die aus dem Weiterverkauf oder einem sonstigen Rechtsgrund (Versicherung, unerlaubte Handlung) bez\u00fcglich der Vorbehaltsware entstehenden Anspr\u00fcche gegen Dritte trifft der K\u00e4ufer bereits jetzt sicherungshalber in vollem Umfang an den dies annehmenden Verk\u00e4ufer ab. Der Verk\u00e4ufer erm\u00e4chtigt den K\u00e4ufer widerruflich, die an den Verk\u00e4ufer abgetretenen Forderungen f\u00fcr dessen Rechnung im eigenen Namen einzuziehen. Diese Einziehungserm\u00e4chtigung kann nur widerrufen werden, wenn der K\u00e4ufer seinen Zahlungsverpflichtungen nicht ordnungsgem\u00e4\u00df nachkommt.<\/p>\n<p>3. Be- oder Verarbeitungen der Vorbehaltsware erfolgen stets f\u00fcr den Verk\u00e4ufer als Hersteller, jedoch ohne Verpflichtung f\u00fcr ihn. Der Verk\u00e4ufer erwirbt das Eigentum an den Zwischen- und Endprodukten im Verh\u00e4ltnis des Rechnungswertes der Vorbehaltsware zu den Rechnungswerten fremder Ware. Der K\u00e4ufer verwahrt das (Mit-) Eigentum des Verk\u00e4ufers insoweit f\u00fcr ihn treuh\u00e4nderisch und unentgeltlich. Entsprechendes gilt bei Verbindung oder Vermischung von Vorbehaltsware mit fremder Ware.<\/p>\n<p>4. Bei Zugriffen Dritter auf die Vorbehaltsware und die abgetretenen Anspr\u00fcche wird der K\u00e4ufer auf das Eigentum des Verk\u00e4ufers hinweisen und diesen unverz\u00fcglich benachrichtigen.<\/p>\n<p>5. Bei vertragswidrigem Verhalten des K\u00e4ufers &#8211; insbesondere Zahlungsverzug &#8211; ist der Verk\u00e4ufer berechtigt, die Vorbehaltsware zur\u00fcckzunehmen oder ggf. Abtretung der Herausgabeanspr\u00fcche des Verk\u00e4ufers gegen Dritte zu verlangen. In der R\u00fccknahme sowie in der Pf\u00e4ndung der Vorbehaltsware durch den Verk\u00e4ufer liegt kein R\u00fccktritt vom Vertrag.<\/p>\n<p>6. \u00dcbersteigt der realisierbare Wert der dem Verk\u00e4ufer zustehenden Sicherungen die Gesamtforderungen gegen den K\u00e4ufer um mehr als 10%, so ist insoweit auf Verlangen des K\u00e4ufers der Verk\u00e4ufer nach seiner Wahl zur Freigabe von Sicherheiten verpflichtet.<\/p>\n<h2><strong>\u00a78 Zahlung<\/strong><\/h2>\n<p>1. Sofern nicht anders vereinbart, sind die Rechnungen des Verk\u00e4ufers sofort nach Rechnungsstellung ohne Abzug zahlbar. Bei Erstgesch\u00e4ften wird grunds\u00e4tzlich nur Vorauszahlung akzeptiert. Der Verk\u00e4ufer ist trotz anderslautender einseitiger Bestimmungen des K\u00e4ufers berechtigt, Zahlungen zun\u00e4chst auf dessen \u00e4ltere Schulden anzurechnen, und wird den K\u00e4ufer \u00fcber die Art und erfolgten Anrechnungen informieren. Sind bereits Kosten und Zinsen entstanden, so ist der Verk\u00e4ufer berechtigt, die Zahlung zun\u00e4chst auf die Kosten; dann auf die Zinsen und zuletzt auf die Hauptleistung anzurechnen.<\/p>\n<p>2. S\u00e4mtliche Zahlungen des K\u00e4ufers sind mit schuldbefreiender Wirkung ausschlie\u00dflich auf das in der Rechnung angegeben Konto zu leisten. Eine Zahlung gilt erst dann als erfolgt, wenn der Verk\u00e4ufer \u00fcber den Betrag verf\u00fcgen kann.<\/p>\n<p>3. Ger\u00e4t der K\u00e4ufer in Verzug, so ist der Verk\u00e4ufer berechtigt, von dem betreffenden Zeitpunkt ab Zinsen in H\u00f6he des von den Gesch\u00e4ftsbanken berechneten Zinssatzes f\u00fcr offene Kontokorrent-Kredite zzgl. gesetzlicher Umsatzsteuer zu berechnen. Befindet sich der K\u00e4ufer mit irgendwelchen Zahlungsverpflichtungen gegen\u00fcber dem Verk\u00e4ufer im Verzug, so werden alle bestehenden Forderungen des Verk\u00e4ufers sofort f\u00e4llig.<\/p>\n<p>4. Der K\u00e4ufer ist zur Aufrechnung, Zur\u00fcckbehaltung oder Minderung, auch wenn M\u00e4ngelr\u00fcgen oder Gegenanspr\u00fcche geltend gemacht werden, nur berechtigt, wenn die Gegenanspr\u00fcche rechtskr\u00e4ftig festgestellt werden.<\/p>\n<h2><strong>\u00a79 Anwendbares Recht, Gerichtsstand und Erf\u00fcllungsort<\/strong><\/h2>\n<p>1. F\u00fcr diese Gesch\u00e4ftsbedingungen und die gesamten Rechtsbeziehungen zwischen Verk\u00e4ufer und K\u00e4ufer gilt ausschlie\u00dflich das Recht der Bundesrepublik Deutschland, insbesondere das B\u00fcrgerliche Gesetzbuch und das Handelsgesetzbuch, unter Ausschluss seines internationalen Privatrechts und des UN-Kaufrechts.<\/p>\n<p>2. Ausschlie\u00dflicher Gerichtsstand f\u00fcr alle diesen Allgemeinen Gesch\u00e4ftsbedingungen zugrunde liegenden Vertragsverh\u00e4ltnissen und den sich daraus ergebenden unmittelbar oder mittelbar ergebenden Streitigkeiten ist nach der Wahl des Verk\u00e4ufers der Sitz seiner Gesellschaft Hamburg.<\/p>\n<p>3. Sollte eine Bestimmung in diesen Gesch\u00e4ftsbedingungen oder eine Bestimmung im Rahmen sonstiger Vereinbarungen unwirksam sein oder werden, so wird hiervon die Wirksamkeit aller sonstigen Bestimmungen oder Vereinbarungen nicht ber\u00fchrt.<\/p>\n<p>4. Der K\u00e4ufer ist damit einverstanden, dass personenbezogene Daten gespeichert und verarbeitet werden, soweit dies f\u00fcr die Durchf\u00fchrung dieses Vertrages erforderlich ist.<\/p>","protected":false},"excerpt":{"rendered":"<p>Allgemeine Gesch\u00e4ftsbedingungen \u00a71 Geltung der Bedingungen 1. F\u00fcr die Lieferungen, Leistungen und Angebote des Verk\u00e4ufers an Unternehmer im Sinne des \u00a7 14 BGB, juristische Person des \u00f6ffentlichen Rechts oder \u00f6ffentlich-rechtliches Sonderverm\u00f6gen gelten ausschlie\u00dflich diese Allgemeinen Gesch\u00e4ftsbedingungen des Verk\u00e4ufers, mit denen sich der Kunde (\u201eK\u00e4ufer\u201c) bei Auftragserteilung einverstanden erkl\u00e4rt, und zwar ebenso f\u00fcr k\u00fcnftige Gesch\u00e4fte, auch [&#8230;]","protected":false},"author":1,"featured_media":0,"parent":0,"menu_order":0,"comment_status":"closed","ping_status":"closed","template":"","meta":{"footnotes":""},"class_list":["post-2496","page","type-page","status-publish","hentry"],"_links":{"self":[{"href":"https:\/\/www.wkm-germany.com\/en\/wp-json\/wp\/v2\/pages\/2496","targetHints":{"allow":["GET"]}}],"collection":[{"href":"https:\/\/www.wkm-germany.com\/en\/wp-json\/wp\/v2\/pages"}],"about":[{"href":"https:\/\/www.wkm-germany.com\/en\/wp-json\/wp\/v2\/types\/page"}],"author":[{"embeddable":true,"href":"https:\/\/www.wkm-germany.com\/en\/wp-json\/wp\/v2\/users\/1"}],"replies":[{"embeddable":true,"href":"https:\/\/www.wkm-germany.com\/en\/wp-json\/wp\/v2\/comments?post=2496"}],"version-history":[{"count":1,"href":"https:\/\/www.wkm-germany.com\/en\/wp-json\/wp\/v2\/pages\/2496\/revisions"}],"predecessor-version":[{"id":2875,"href":"https:\/\/www.wkm-germany.com\/en\/wp-json\/wp\/v2\/pages\/2496\/revisions\/2875"}],"wp:attachment":[{"href":"https:\/\/www.wkm-germany.com\/en\/wp-json\/wp\/v2\/media?parent=2496"}],"curies":[{"name":"wp","href":"https:\/\/api.w.org\/{rel}","templated":true}]}}